{"id":2,"date":"2019-07-17T08:15:52","date_gmt":"2019-07-17T06:15:52","guid":{"rendered":"http:\/\/hombre-sano.net\/?page_id=2"},"modified":"2020-03-16T12:07:25","modified_gmt":"2020-03-16T11:07:25","slug":"pagina-ejemplo","status":"publish","type":"page","link":"https:\/\/hombre-sano.net\/de\/","title":{"rendered":"\u00dcber mich"},"content":{"rendered":"<p class=\"western\" lang=\"es-ES\">Hallo, ich bin Miguel \u00c1lvarez und m\u00f6chte es Ihnen sagen <strong>meine Geschichte \u00fcber meine sexuellen Probleme<\/strong>. Dieses Thema ist wirklich ernst. Fr\u00fcher war ich eine ziemlich zur\u00fcckhaltende und introvertierte Person, die normalerweise niemandem in meinem Freundes- oder Familienkreis Intimit\u00e4ten kommentierte. Bis vor relativ kurzer Zeit f\u00fchle ich mich jetzt in der Lage, offen dar\u00fcber zu sprechen.<\/p>\n<h2 class=\"western\" lang=\"es-ES\">Was ist meine Geschichte?<\/h2>\n<p class=\"western\" lang=\"es-ES\">Ich denke, alles beginnt, wenn Sie ein Kind sind, aber Sie achten nicht zu sehr auf solche Dinge oder zumindest nicht genug. Im Allgemeinen wird die sexuelle Anziehung in einem sehr jungen Alter aktiviert, aber in meinem Fall war es nicht dasselbe. Es wurde schlimmer, als ich zum kam<strong> Jugend<\/strong>. Die Wahrheit ist, dass es ein war <strong>B\u00fchne<\/strong> \u00e4u\u00dferst<strong> schwer<\/strong> f\u00fcr mich. Neben der gleichen Zeit, in der alle \u00c4nderungen kamen, entdeckte ich das auch<em> Menschen beiderlei Geschlechts haben mich angezogen<\/em>.<\/p>\n<p class=\"western\" lang=\"es-ES\">Ich erinnere mich an eine Sommernacht, als ich mit meinen Freunden das Flaschenspiel spielte. Es gab mehrere M\u00e4dchen, die meine Aufmerksamkeit erregten, sowie zwei oder drei ziemlich h\u00fcbsche Jungen. Einige meiner Freunde bestanden darauf, dass ich mich mit zwei Freunden treffen sollte. Das Problem trat auf, als wir drei alleine in ein Zimmer gingen. Er war dort, umgeben von zwei M\u00e4dchen, die aussahen wie Models und <strong>mich <\/strong><em><strong>Der Penis reagierte \u00fcberhaupt nicht<\/strong><\/em>. Nicht einmal als die beiden anfingen sich zu k\u00fcssen. Dort wusste ich, dass etwas wirklich nicht stimmte. Sie sagten mir, dass es sicherlich die Nerven seien, mit beiden gleichzeitig zusammen zu sein. Wir haben nichts anderes dazu kommentiert und alles lief seinen Lauf. Und nat\u00fcrlich habe ich es auch niemandem erz\u00e4hlt.<\/p>\n<p class=\"western\" lang=\"es-ES\">Viele Jahre sp\u00e4ter versuchte ich es mit einem Mann, von dem ich sehr angezogen war, Pablo. Es war seltsam, da keiner von uns dazu in der Lage war<em> eine Erektion bekommen<\/em>. Ein wirklich unangenehmer Moment. Da f\u00fchlten wir uns etwas starkes f\u00fcr einander. Wir haben es nicht kommentiert und wir haben aufgeh\u00f6rt, uns zu treffen.<\/p>\n<p class=\"western\" lang=\"es-ES\">Ich habe versucht, dieses Problem mit allen m\u00f6glichen Dingen zu l\u00f6sen, die ich im Internet gefunden habe, aber keines davon hatte Auswirkungen. Verzweifelt nach der Situation ging ich zu einem Fachmann und er sagte mir das <strong>litt an erektiler Dysfunktion<\/strong>Ihm habe ich zwei Wochen lang mein Zuhause nicht verlassen, weil ich mich nicht in der Lage f\u00fchlte, mich dem zu stellen.<\/p>\n<p class=\"western\" lang=\"es-ES\">Monate sp\u00e4ter erschien Pablo an meiner T\u00fcr und sagte mir, dass er wollte <strong>versuche es noch einmal mit mir<\/strong>. Aber diesmal sagte er mir, dass er eine L\u00f6sung f\u00fcr unser Problem gefunden habe und dass ich mir keine Sorgen mehr machen sollte. ich <em>empfohlene Tests sicher <strong>Pillen gegen erektile Dysfunktion<\/strong><\/em>. Und die Wahrheit ist, dass es funktioniert hat. Von diesem Moment an reagiert mein Penis immer und von da an ist er nicht mehr ausgefallen.<\/p>\n<h2 class=\"western\" lang=\"es-ES\">Was empfehle ich in diesen F\u00e4llen?<\/h2>\n<p class=\"western\" lang=\"es-ES\"><strong>Zuerst<\/strong>Lassen Sie sich von Anfang an helfen, L\u00f6sungen empfehlen oder einfach mit jemandem \u00fcber Ihr Problem sprechen. Sie werden aufh\u00f6ren, sich einsam, verzweifelt und ersch\u00f6pft zu f\u00fchlen.<\/p>\n<p class=\"western\" lang=\"es-ES\"><strong>Zweite<\/strong>Wenden Sie sich an einen Fachmann, um Ihr Problem zu diagnostizieren.<\/p>\n<p class=\"western\" lang=\"es-ES\"><strong>Dritte<\/strong>Versuchen Sie immer, eine ausgewogene Ern\u00e4hrung und einen guten Geisteszustand und eine gute Gesundheit aufrechtzuerhalten, da dies alles beeinflusst, was Sie tun.<\/p>\n<p class=\"western\" lang=\"es-ES\"><strong>Und schlussendlich<\/strong>Ich m\u00f6chte die Produkte empfehlen, die mir die besten Ergebnisse gebracht haben.<\/p>","protected":false},"excerpt":{"rendered":"<p>Hola, soy Miguel \u00c1lvarez y me gustar\u00eda contaros mi historia sobre mis problemas sexuales. Este tema es realmente serio. Antes era una persona bastante reservada e introvertida que no sol\u00eda ir comentando intimidades a nadie de mi c\u00edrculo de amigos o familiares. Hasta hace relativamente poco, por eso ahora me siento capaz de hablar de [&hellip;]<\/p>","protected":false},"author":1,"featured_media":0,"parent":0,"menu_order":0,"comment_status":"closed","ping_status":"open","template":"","meta":[],"yoast_head":"<!-- This site is optimized with the Yoast SEO plugin v14.9 - https:\/\/yoast.com\/wordpress\/plugins\/seo\/ -->\n<title>Tu mejor consejero contra los problemas sexuales- hombre-sano.net<\/title>\n<meta name=\"description\" content=\"Cuesta afrontar nuestros problemas sexuales, pero eso hoy en d\u00eda no es problema ya que muchas personas lo han solucionado, volviendo a disfrutar del sexo\" \/>\n<meta name=\"robots\" content=\"index, follow, max-snippet:-1, max-image-preview:large, max-video-preview:-1\" \/>\n<link rel=\"canonical\" href=\"https:\/\/hombre-sano.net\/de\/\" \/>\n<meta property=\"og:locale\" content=\"de_DE\" \/>\n<meta property=\"og:type\" content=\"article\" \/>\n<meta property=\"og:title\" content=\"Tu mejor consejero contra los problemas sexuales- hombre-sano.net\" \/>\n<meta property=\"og:description\" content=\"Cuesta afrontar nuestros problemas sexuales, pero eso hoy en d\u00eda no es problema ya que muchas personas lo han solucionado, volviendo a disfrutar del sexo\" \/>\n<meta property=\"og:url\" content=\"https:\/\/hombre-sano.net\/de\/\" \/>\n<meta property=\"og:site_name\" content=\"hombre-sano.net\" \/>\n<meta property=\"article:modified_time\" content=\"2020-03-16T11:07:25+00:00\" \/>\n<meta name=\"twitter:card\" content=\"summary_large_image\" \/>\n<script type=\"application\/ld+json\" class=\"yoast-schema-graph\">{\"@context\":\"https:\/\/schema.org\",\"@graph\":[{\"@type\":\"WebSite\",\"@id\":\"https:\/\/hombre-sano.net\/de\/#website\",\"url\":\"https:\/\/hombre-sano.net\/de\/\",\"name\":\"hombre-sano.net\",\"description\":\"Otro sitio realizado con WordPress\",\"potentialAction\":[{\"@type\":\"SearchAction\",\"target\":\"https:\/\/hombre-sano.net\/de\/?s={search_term_string}\",\"query-input\":\"required name=search_term_string\"}],\"inLanguage\":\"de\"},{\"@type\":\"WebPage\",\"@id\":\"https:\/\/hombre-sano.net\/es_es\/#webpage\",\"url\":\"https:\/\/hombre-sano.net\/es_es\/\",\"name\":\"Tu mejor consejero contra los problemas sexuales- hombre-sano.net\",\"isPartOf\":{\"@id\":\"https:\/\/hombre-sano.net\/de\/#website\"},\"datePublished\":\"2019-07-17T06:15:52+00:00\",\"dateModified\":\"2020-03-16T11:07:25+00:00\",\"description\":\"Cuesta afrontar nuestros problemas sexuales, pero eso hoy en d\\u00eda no es problema ya que muchas personas lo han solucionado, volviendo a disfrutar del sexo\",\"inLanguage\":\"de\",\"potentialAction\":[{\"@type\":\"ReadAction\",\"target\":[\"https:\/\/hombre-sano.net\/es_es\/\"]}]}]}<\/script>\n<!-- \/ Yoast SEO plugin. -->","_links":{"self":[{"href":"https:\/\/hombre-sano.net\/de\/wp-json\/wp\/v2\/pages\/2"}],"collection":[{"href":"https:\/\/hombre-sano.net\/de\/wp-json\/wp\/v2\/pages"}],"about":[{"href":"https:\/\/hombre-sano.net\/de\/wp-json\/wp\/v2\/types\/page"}],"author":[{"embeddable":true,"href":"https:\/\/hombre-sano.net\/de\/wp-json\/wp\/v2\/users\/1"}],"replies":[{"embeddable":true,"href":"https:\/\/hombre-sano.net\/de\/wp-json\/wp\/v2\/comments?post=2"}],"version-history":[{"count":11,"href":"https:\/\/hombre-sano.net\/de\/wp-json\/wp\/v2\/pages\/2\/revisions"}],"predecessor-version":[{"id":256,"href":"https:\/\/hombre-sano.net\/de\/wp-json\/wp\/v2\/pages\/2\/revisions\/256"}],"wp:attachment":[{"href":"https:\/\/hombre-sano.net\/de\/wp-json\/wp\/v2\/media?parent=2"}],"curies":[{"name":"wp","href":"https:\/\/api.w.org\/{rel}","templated":true}]}}