{"id":2,"date":"2019-07-17T08:15:52","date_gmt":"2019-07-17T06:15:52","guid":{"rendered":"http:\/\/hombre-sano.net\/?page_id=2"},"modified":"2020-03-16T12:07:25","modified_gmt":"2020-03-16T11:07:25","slug":"pagina-ejemplo","status":"publish","type":"page","link":"https:\/\/hombre-sano.net\/es_es\/","title":{"rendered":"Sobre m\u00ed"},"content":{"rendered":"<p class=\"western\" lang=\"es-ES\">Hola, soy Miguel \u00c1lvarez y me gustar\u00eda contaros <strong>mi historia sobre mis problemas sexuales<\/strong>. Este tema es realmente serio. Antes era una persona bastante reservada e introvertida que no sol\u00eda ir comentando intimidades a nadie de mi c\u00edrculo de amigos o familiares. Hasta hace relativamente poco, por eso ahora me siento capaz de hablar de ello abiertamente.<\/p>\n<h2 class=\"western\" lang=\"es-ES\">\u00bfCu\u00e1l es mi historia?<\/h2>\n<p class=\"western\" lang=\"es-ES\">Supongo que todo empieza cuando eres un ni\u00f1o pero no le prestas demasiada atenci\u00f3n a ese tipo de cosas o, al menos, no la suficiente. En general, la atracci\u00f3n sexual se activa a muy temprana edad pero, en mi caso, no fue igual. Se agrav\u00f3 cuando llegu\u00e9 a la<strong> adolescencia<\/strong>. Lo cierto es que fue una <strong>etapa<\/strong> extremadamente<strong> dif\u00edcil<\/strong> para m\u00ed. Adem\u00e1s l mismo tiempo que todos los cambios ven\u00edan, tambi\u00e9n descubr\u00ed que<em> me atra\u00edan personas de ambos sexos<\/em>.<\/p>\n<p class=\"western\" lang=\"es-ES\">Recuerdo una noche de verano, estaba jugando al juego de la botella con mis amigos. Hab\u00eda varias chicas que me llamaban bastante la atenci\u00f3n, al igual que dos o tres chicos bastante guapos.\u00a0 Varios de mis amigos, me empezaron a insistir en que deb\u00eda liarme con dos amiga. El problema apareci\u00f3 cuando fuimos a una habitaci\u00f3n los 3 solos. Estaba all\u00ed, rodeado por dos chicas que parec\u00edan modelos y <strong>mi <\/strong><em><strong>pene no reaccion\u00f3 nada<\/strong><\/em>. Ni siquiera cuando empezaron a besarse las dos. Ah\u00ed supe que algo iba realmente mal. Ellas me dijeron que seguro que eran los nervios por estar con las dos a la vez. No comentamos nada m\u00e1s sobre ello y todo sigui\u00f3 su curso. Y claro est\u00e1, yo tampoco se lo cont\u00e9 a nadie.<\/p>\n<p class=\"western\" lang=\"es-ES\">Muchos a\u00f1os m\u00e1s tarde, se lo intent\u00e9 con un hombre que me atra\u00eda much\u00edsimo, Pablo. Fue extra\u00f1o ya que ninguno de los dos fuimos capaces de<em> llegar a tener una erecci\u00f3n<\/em>. Un momento verdaderamente desagradable. Ya que sent\u00edamos algo fuerte el uno por el otro. No comentamos nada sobre ello y dejamos de quedar.<\/p>\n<p class=\"western\" lang=\"es-ES\">Intent\u00e9 solucionar este problema con todo tipo de cosas que encontraba en Internet pero ninguna no tuvieron efecto. Desesperado por la situaci\u00f3n, fui a ver a un profesional y me dijo que <strong>padec\u00eda disfunci\u00f3n er\u00e9cti<\/strong>l, estuve dos semanas sin salir de casa porque no me sent\u00eda capaz de afrontarlo.<\/p>\n<p class=\"western\" lang=\"es-ES\">Meses despu\u00e9s, Pablo apareci\u00f3 en la puerta de mi casa y me dijo que quer\u00eda <strong>intentarlo conmigo de nuevo<\/strong>. Pero est\u00e1 vez me dijo que hab\u00eda encontrado una soluci\u00f3n para nuestro problema y que ya no deb\u00eda procuparme m\u00e1s. Me <em>recomend\u00f3 probar ciertas <strong>pastillas contra la disfunci\u00f3n er\u00e9ctil<\/strong><\/em>. Y la verdad es que funcion\u00f3. Desde ese momento mi pene reacciona en todo momento y desde ese ah\u00ed no vuelto a fallar.<\/p>\n<h2 class=\"western\" lang=\"es-ES\">\u00bfQu\u00e9 recomiendo en estos casos?<\/h2>\n<p class=\"western\" lang=\"es-ES\"><strong>Primero<\/strong>, deja que te ayuden, que te recomienden soluciones o, simplemente, habla de tu problema con alguien, desde el principio. Dejar\u00e1s de sentirte solo, desesperado y hastiado.<\/p>\n<p class=\"western\" lang=\"es-ES\"><strong>Segundo<\/strong>, ve a un profesional que diagnostique tu problema.<\/p>\n<p class=\"western\" lang=\"es-ES\"><strong>Tercero<\/strong>, intentar mantener siempre una dieta equilibrada y un buen estado de \u00e1nimo y de salud porque influir\u00e1 en todo lo que hagas.<\/p>\n<p class=\"western\" lang=\"es-ES\"><strong>Y por \u00faltimo<\/strong>, quiero recomendaros los productos que mejores resultados me han dado.<\/p>\n","protected":false},"excerpt":{"rendered":"<p>Hola, soy Miguel \u00c1lvarez y me gustar\u00eda contaros mi historia sobre mis problemas sexuales. Este tema es realmente serio. Antes era una persona bastante reservada e introvertida que no sol\u00eda ir comentando intimidades a nadie de mi c\u00edrculo de amigos o familiares. Hasta hace relativamente poco, por eso ahora me siento capaz de hablar de [&hellip;]<\/p>\n","protected":false},"author":1,"featured_media":0,"parent":0,"menu_order":0,"comment_status":"closed","ping_status":"open","template":"","meta":[],"yoast_head":"<!-- This site is optimized with the Yoast SEO plugin v14.9 - https:\/\/yoast.com\/wordpress\/plugins\/seo\/ -->\n<title>Tu mejor consejero contra los problemas sexuales- hombre-sano.net<\/title>\n<meta name=\"description\" content=\"Cuesta afrontar nuestros problemas sexuales, pero eso hoy en d\u00eda no es problema ya que muchas personas lo han solucionado, volviendo a disfrutar del sexo\" \/>\n<meta name=\"robots\" content=\"index, follow, max-snippet:-1, max-image-preview:large, max-video-preview:-1\" \/>\n<link rel=\"canonical\" href=\"https:\/\/hombre-sano.net\/es_es\/\" \/>\n<meta property=\"og:locale\" content=\"es_ES\" \/>\n<meta property=\"og:type\" content=\"article\" \/>\n<meta property=\"og:title\" content=\"Tu mejor consejero contra los problemas sexuales- hombre-sano.net\" \/>\n<meta property=\"og:description\" content=\"Cuesta afrontar nuestros problemas sexuales, pero eso hoy en d\u00eda no es problema ya que muchas personas lo han solucionado, volviendo a disfrutar del sexo\" \/>\n<meta property=\"og:url\" content=\"https:\/\/hombre-sano.net\/es_es\/\" \/>\n<meta property=\"og:site_name\" content=\"hombre-sano.net\" \/>\n<meta property=\"article:modified_time\" content=\"2020-03-16T11:07:25+00:00\" \/>\n<meta name=\"twitter:card\" content=\"summary_large_image\" \/>\n<script type=\"application\/ld+json\" class=\"yoast-schema-graph\">{\"@context\":\"https:\/\/schema.org\",\"@graph\":[{\"@type\":\"WebSite\",\"@id\":\"https:\/\/hombre-sano.net\/es_es\/#website\",\"url\":\"https:\/\/hombre-sano.net\/es_es\/\",\"name\":\"hombre-sano.net\",\"description\":\"Otro sitio realizado con WordPress\",\"potentialAction\":[{\"@type\":\"SearchAction\",\"target\":\"https:\/\/hombre-sano.net\/es_es\/?s={search_term_string}\",\"query-input\":\"required name=search_term_string\"}],\"inLanguage\":\"es\"},{\"@type\":\"WebPage\",\"@id\":\"https:\/\/hombre-sano.net\/es_es\/#webpage\",\"url\":\"https:\/\/hombre-sano.net\/es_es\/\",\"name\":\"Tu mejor consejero contra los problemas sexuales- hombre-sano.net\",\"isPartOf\":{\"@id\":\"https:\/\/hombre-sano.net\/es_es\/#website\"},\"datePublished\":\"2019-07-17T06:15:52+00:00\",\"dateModified\":\"2020-03-16T11:07:25+00:00\",\"description\":\"Cuesta afrontar nuestros problemas sexuales, pero eso hoy en d\\u00eda no es problema ya que muchas personas lo han solucionado, volviendo a disfrutar del sexo\",\"inLanguage\":\"es\",\"potentialAction\":[{\"@type\":\"ReadAction\",\"target\":[\"https:\/\/hombre-sano.net\/es_es\/\"]}]}]}<\/script>\n<!-- \/ Yoast SEO plugin. -->","_links":{"self":[{"href":"https:\/\/hombre-sano.net\/es_es\/wp-json\/wp\/v2\/pages\/2"}],"collection":[{"href":"https:\/\/hombre-sano.net\/es_es\/wp-json\/wp\/v2\/pages"}],"about":[{"href":"https:\/\/hombre-sano.net\/es_es\/wp-json\/wp\/v2\/types\/page"}],"author":[{"embeddable":true,"href":"https:\/\/hombre-sano.net\/es_es\/wp-json\/wp\/v2\/users\/1"}],"replies":[{"embeddable":true,"href":"https:\/\/hombre-sano.net\/es_es\/wp-json\/wp\/v2\/comments?post=2"}],"version-history":[{"count":11,"href":"https:\/\/hombre-sano.net\/es_es\/wp-json\/wp\/v2\/pages\/2\/revisions"}],"predecessor-version":[{"id":256,"href":"https:\/\/hombre-sano.net\/es_es\/wp-json\/wp\/v2\/pages\/2\/revisions\/256"}],"wp:attachment":[{"href":"https:\/\/hombre-sano.net\/es_es\/wp-json\/wp\/v2\/media?parent=2"}],"curies":[{"name":"wp","href":"https:\/\/api.w.org\/{rel}","templated":true}]}}